{"id":178,"date":"2017-02-04T00:07:27","date_gmt":"2017-02-03T22:07:27","guid":{"rendered":"http:\/\/anmeldung-s2.hbg-koeln.de\/?page_id=178"},"modified":"2019-02-05T10:24:40","modified_gmt":"2019-02-05T08:24:40","slug":"schueler-online","status":"publish","type":"page","link":"https:\/\/anmeldung-s2.hbg-koeln.de\/?page_id=178","title":{"rendered":"Sch\u00fcler Online"},"content":{"rendered":"<p>Eine Bewerbung ist nur \u00fcber das Onlineportal &#8222;Sch\u00fcler online&#8220; (<a href=\"http:\/\/www.schueleranmeldung.de\/\" target=\"_blank\" rel=\"noopener\"> www.schueleranmeldung.de\/<\/a> ) m\u00f6glich.<\/p>\n<p>Entsprechende Zugangsdaten werden mit den Zeugnissen ausgegeben. Nach einer Bewerbung \u00fcber das Onlineportal werden hier nur Gespr\u00e4chstermine reserviert.<\/p>\n<p><strong>Hier mal einige Hinweise \/ Screenshots zu Sch\u00fcler Online<\/strong><\/p>\n<p>Folgende Punkte m\u00fcssen aktiviert werden&#8230;.<\/p>\n<ul>\n<li>K\u00f6ln ausw\u00e4hlen<\/li>\n<li>Mittlerer Schulabschluss (Fachoberschulreife) mit Qualifikationsvermerk<\/li>\n<li>Gymnasiale Oberstufe (Berufskollegs, Gesamtschule, Gymnasium)<\/li>\n<li>Gesamtschulen<\/li>\n<\/ul>\n<p><a href=\"http:\/\/anmeldung-s2.hbg-koeln.de\/wp-content\/uploads\/2019\/02\/osa_1-1.png\"><img loading=\"lazy\" decoding=\"async\" class=\"aligncenter size-full wp-image-217\" src=\"http:\/\/anmeldung-s2.hbg-koeln.de\/wp-content\/uploads\/2019\/02\/osa_1-1.png\" alt=\"\" width=\"757\" height=\"525\" srcset=\"https:\/\/anmeldung-s2.hbg-koeln.de\/wp-content\/uploads\/2019\/02\/osa_1-1.png 757w, https:\/\/anmeldung-s2.hbg-koeln.de\/wp-content\/uploads\/2019\/02\/osa_1-1-300x208.png 300w, https:\/\/anmeldung-s2.hbg-koeln.de\/wp-content\/uploads\/2019\/02\/osa_1-1-624x433.png 624w\" sizes=\"auto, (max-width: 757px) 100vw, 757px\" \/><\/a><\/p>\n<p>danach den Bildungsgang mit der Dauer von 36 Monaten ausw\u00e4hlen &#8230;.<\/p>\n<p><a href=\"http:\/\/anmeldung-s2.hbg-koeln.de\/wp-content\/uploads\/2019\/02\/osa_2.png\"><img loading=\"lazy\" decoding=\"async\" class=\"aligncenter size-full wp-image-216\" src=\"http:\/\/anmeldung-s2.hbg-koeln.de\/wp-content\/uploads\/2019\/02\/osa_2.png\" alt=\"\" width=\"709\" height=\"210\" srcset=\"https:\/\/anmeldung-s2.hbg-koeln.de\/wp-content\/uploads\/2019\/02\/osa_2.png 709w, https:\/\/anmeldung-s2.hbg-koeln.de\/wp-content\/uploads\/2019\/02\/osa_2-300x89.png 300w, https:\/\/anmeldung-s2.hbg-koeln.de\/wp-content\/uploads\/2019\/02\/osa_2-624x185.png 624w\" sizes=\"auto, (max-width: 709px) 100vw, 709px\" \/><\/a><\/p>\n","protected":false},"excerpt":{"rendered":"<p>Eine Bewerbung ist nur \u00fcber das Onlineportal &#8222;Sch\u00fcler online&#8220; ( www.schueleranmeldung.de\/ ) m\u00f6glich. Entsprechende Zugangsdaten werden mit den Zeugnissen ausgegeben. Nach einer Bewerbung \u00fcber das Onlineportal werden hier nur Gespr\u00e4chstermine reserviert. Hier mal einige Hinweise \/ Screenshots zu Sch\u00fcler Online Folgende Punkte m\u00fcssen aktiviert werden&#8230;. K\u00f6ln ausw\u00e4hlen Mittlerer Schulabschluss (Fachoberschulreife) mit Qualifikationsvermerk Gymnasiale Oberstufe (Berufskollegs, [&hellip;]<\/p>\n","protected":false},"author":1,"featured_media":0,"parent":0,"menu_order":0,"comment_status":"closed","ping_status":"closed","template":"","meta":{"footnotes":""},"class_list":["post-178","page","type-page","status-publish","hentry"],"_links":{"self":[{"href":"https:\/\/anmeldung-s2.hbg-koeln.de\/index.php?rest_route=\/wp\/v2\/pages\/178","targetHints":{"allow":["GET"]}}],"collection":[{"href":"https:\/\/anmeldung-s2.hbg-koeln.de\/index.php?rest_route=\/wp\/v2\/pages"}],"about":[{"href":"https:\/\/anmeldung-s2.hbg-koeln.de\/index.php?rest_route=\/wp\/v2\/types\/page"}],"author":[{"embeddable":true,"href":"https:\/\/anmeldung-s2.hbg-koeln.de\/index.php?rest_route=\/wp\/v2\/users\/1"}],"replies":[{"embeddable":true,"href":"https:\/\/anmeldung-s2.hbg-koeln.de\/index.php?rest_route=%2Fwp%2Fv2%2Fcomments&post=178"}],"version-history":[{"count":5,"href":"https:\/\/anmeldung-s2.hbg-koeln.de\/index.php?rest_route=\/wp\/v2\/pages\/178\/revisions"}],"predecessor-version":[{"id":224,"href":"https:\/\/anmeldung-s2.hbg-koeln.de\/index.php?rest_route=\/wp\/v2\/pages\/178\/revisions\/224"}],"wp:attachment":[{"href":"https:\/\/anmeldung-s2.hbg-koeln.de\/index.php?rest_route=%2Fwp%2Fv2%2Fmedia&parent=178"}],"curies":[{"name":"wp","href":"https:\/\/api.w.org\/{rel}","templated":true}]}}