{"id":322,"date":"2022-04-09T08:53:38","date_gmt":"2022-04-09T06:53:38","guid":{"rendered":"https:\/\/anmeldung-s2.hbg-koeln.de\/?page_id=322"},"modified":"2022-04-09T09:01:02","modified_gmt":"2022-04-09T07:01:02","slug":"informationen-zur-kurswahl","status":"publish","type":"page","link":"https:\/\/anmeldung-s2.hbg-koeln.de\/?page_id=322","title":{"rendered":"Informationen zur Kurswahl"},"content":{"rendered":"\n<p>Liebe Sch\u00fcler:innen und Eltern,<br>hier finden Sie zwei Dokumente zur Vorbereitung der Kurswahlen f\u00fcr die Oberstufe.<\/p>\n\n\n\n<p>Bitte lesen Sie die Informationen sorgf\u00e4ltig und versuchen Sie schon mit dem leeren Wahlbogen eine F\u00e4cherauswahl zu treffen, bevor wir nach den Osterferien in konkrete Beratungen gehen. Diese Beratungen finden 2022 nach den Osterferien in der Schule statt. Wir informieren alle aufgenommen Sch\u00fcler:innen telefonisch \u00fcber ihren Termin.<br><br>Gr\u00fc\u00dfe<br>Thomas Schulz<br>Abteilungsleiter SII<br>April 2022<\/p>\n\n\n\n<hr class=\"wp-block-separator\"\/>\n\n\n\n<h4 class=\"wp-block-heading\">Informationen zur F\u00e4cherwahl<\/h4>\n\n\n\n<div data-wp-interactive=\"core\/file\" class=\"wp-block-file\"><object data-wp-bind--hidden=\"!state.hasPdfPreview\" hidden class=\"wp-block-file__embed\" data=\"https:\/\/anmeldung-s2.hbg-koeln.de\/wp-content\/uploads\/2022\/04\/Faecherwahl.pdf\" type=\"application\/pdf\" style=\"width:100%;height:600px\" aria-label=\"Einbettung von Einbettung von Faecherwahl..\"><\/object><a href=\"https:\/\/anmeldung-s2.hbg-koeln.de\/wp-content\/uploads\/2022\/04\/Faecherwahl.pdf\">Faecherwahl<\/a><a href=\"https:\/\/anmeldung-s2.hbg-koeln.de\/wp-content\/uploads\/2022\/04\/Faecherwahl.pdf\" class=\"wp-block-file__button\" download>Herunterladen<\/a><\/div>\n\n\n\n<h5 class=\"wp-block-heading\">leerer Wahlbogen<\/h5>\n\n\n\n<div data-wp-interactive=\"core\/file\" class=\"wp-block-file\"><object data-wp-bind--hidden=\"!state.hasPdfPreview\" hidden class=\"wp-block-file__embed\" data=\"https:\/\/anmeldung-s2.hbg-koeln.de\/wp-content\/uploads\/2022\/04\/leerer-Wahlbogen.pdf\" type=\"application\/pdf\" style=\"width:100%;height:600px\" aria-label=\"Einbettung von Einbettung von leerer-Wahlbogen..\"><\/object><a href=\"https:\/\/anmeldung-s2.hbg-koeln.de\/wp-content\/uploads\/2022\/04\/leerer-Wahlbogen.pdf\">leerer-Wahlbogen<\/a><a href=\"https:\/\/anmeldung-s2.hbg-koeln.de\/wp-content\/uploads\/2022\/04\/leerer-Wahlbogen.pdf\" class=\"wp-block-file__button\" download>Herunterladen<\/a><\/div>\n\n\n\n<p><\/p>\n","protected":false},"excerpt":{"rendered":"<p>Liebe Sch\u00fcler:innen und Eltern,hier finden Sie zwei Dokumente zur Vorbereitung der Kurswahlen f\u00fcr die Oberstufe. Bitte lesen Sie die Informationen sorgf\u00e4ltig und versuchen Sie schon mit dem leeren Wahlbogen eine F\u00e4cherauswahl zu treffen, bevor wir nach den Osterferien in konkrete Beratungen gehen. Diese Beratungen finden 2022 nach den Osterferien in der Schule statt. Wir informieren [&hellip;]<\/p>\n","protected":false},"author":1,"featured_media":0,"parent":0,"menu_order":0,"comment_status":"closed","ping_status":"closed","template":"","meta":{"footnotes":""},"class_list":["post-322","page","type-page","status-publish","hentry"],"_links":{"self":[{"href":"https:\/\/anmeldung-s2.hbg-koeln.de\/index.php?rest_route=\/wp\/v2\/pages\/322","targetHints":{"allow":["GET"]}}],"collection":[{"href":"https:\/\/anmeldung-s2.hbg-koeln.de\/index.php?rest_route=\/wp\/v2\/pages"}],"about":[{"href":"https:\/\/anmeldung-s2.hbg-koeln.de\/index.php?rest_route=\/wp\/v2\/types\/page"}],"author":[{"embeddable":true,"href":"https:\/\/anmeldung-s2.hbg-koeln.de\/index.php?rest_route=\/wp\/v2\/users\/1"}],"replies":[{"embeddable":true,"href":"https:\/\/anmeldung-s2.hbg-koeln.de\/index.php?rest_route=%2Fwp%2Fv2%2Fcomments&post=322"}],"version-history":[{"count":3,"href":"https:\/\/anmeldung-s2.hbg-koeln.de\/index.php?rest_route=\/wp\/v2\/pages\/322\/revisions"}],"predecessor-version":[{"id":330,"href":"https:\/\/anmeldung-s2.hbg-koeln.de\/index.php?rest_route=\/wp\/v2\/pages\/322\/revisions\/330"}],"wp:attachment":[{"href":"https:\/\/anmeldung-s2.hbg-koeln.de\/index.php?rest_route=%2Fwp%2Fv2%2Fmedia&parent=322"}],"curies":[{"name":"wp","href":"https:\/\/api.w.org\/{rel}","templated":true}]}}