{"id":47,"date":"2014-11-30T20:03:12","date_gmt":"2014-11-30T18:03:12","guid":{"rendered":"http:\/\/anmeldung-s2.hbg-koeln.de\/?page_id=47"},"modified":"2014-11-30T20:08:15","modified_gmt":"2014-11-30T18:08:15","slug":"unsere-oberstufe","status":"publish","type":"page","link":"https:\/\/anmeldung-s2.hbg-koeln.de\/?page_id=47","title":{"rendered":"unsere Oberstufe"},"content":{"rendered":"<div class=\"page\" title=\"Page 1\">\n<div class=\"section\">\n<div class=\"layoutArea\">\n<div class=\"column\">\n<ul>\n<li>verf\u00fcgt \u00fcber ein breites F\u00e4cherangebot<\/li>\n<li>vergibt alle Abschl\u00fcsse der gymnasialen Oberstufe<\/li>\n<li>bietet eine intensive Schullaufbahnberatung<\/li>\n<li>f\u00f6rdert die Selbstst\u00e4ndigkeit und\u00a0Lernkompetenz<\/li>\n<li>bereitet gezielt auf Beruf und Studium vor<\/li>\n<li>f\u00fchrt Projektwochen zum Methodentraining\u00a0durch<\/li>\n<li>f\u00fchrt eine Studienfahrt und eine Sprachreise\u00a0durch<\/li>\n<li>verf\u00fcgt \u00fcber hervorragende\u00a0Sportm\u00f6glichkeiten<\/li>\n<li>stellt ein Oberstufenzentrum mit Arbeits- und\u00a0Aufenthaltsbereich zur Verf\u00fcgung<\/li>\n<\/ul>\n<\/div>\n<\/div>\n<\/div>\n<\/div>\n","protected":false},"excerpt":{"rendered":"<p>verf\u00fcgt \u00fcber ein breites F\u00e4cherangebot vergibt alle Abschl\u00fcsse der gymnasialen Oberstufe bietet eine intensive Schullaufbahnberatung f\u00f6rdert die Selbstst\u00e4ndigkeit und\u00a0Lernkompetenz bereitet gezielt auf Beruf und Studium vor f\u00fchrt Projektwochen zum Methodentraining\u00a0durch f\u00fchrt eine Studienfahrt und eine Sprachreise\u00a0durch verf\u00fcgt \u00fcber hervorragende\u00a0Sportm\u00f6glichkeiten stellt ein Oberstufenzentrum mit Arbeits- und\u00a0Aufenthaltsbereich zur Verf\u00fcgung<\/p>\n","protected":false},"author":1,"featured_media":0,"parent":0,"menu_order":0,"comment_status":"closed","ping_status":"closed","template":"","meta":{"footnotes":""},"class_list":["post-47","page","type-page","status-publish","hentry"],"_links":{"self":[{"href":"https:\/\/anmeldung-s2.hbg-koeln.de\/index.php?rest_route=\/wp\/v2\/pages\/47","targetHints":{"allow":["GET"]}}],"collection":[{"href":"https:\/\/anmeldung-s2.hbg-koeln.de\/index.php?rest_route=\/wp\/v2\/pages"}],"about":[{"href":"https:\/\/anmeldung-s2.hbg-koeln.de\/index.php?rest_route=\/wp\/v2\/types\/page"}],"author":[{"embeddable":true,"href":"https:\/\/anmeldung-s2.hbg-koeln.de\/index.php?rest_route=\/wp\/v2\/users\/1"}],"replies":[{"embeddable":true,"href":"https:\/\/anmeldung-s2.hbg-koeln.de\/index.php?rest_route=%2Fwp%2Fv2%2Fcomments&post=47"}],"version-history":[{"count":2,"href":"https:\/\/anmeldung-s2.hbg-koeln.de\/index.php?rest_route=\/wp\/v2\/pages\/47\/revisions"}],"predecessor-version":[{"id":50,"href":"https:\/\/anmeldung-s2.hbg-koeln.de\/index.php?rest_route=\/wp\/v2\/pages\/47\/revisions\/50"}],"wp:attachment":[{"href":"https:\/\/anmeldung-s2.hbg-koeln.de\/index.php?rest_route=%2Fwp%2Fv2%2Fmedia&parent=47"}],"curies":[{"name":"wp","href":"https:\/\/api.w.org\/{rel}","templated":true}]}}