{"id":5,"date":"2014-11-16T23:51:59","date_gmt":"2014-11-16T21:51:59","guid":{"rendered":"http:\/\/anmeldung-s2.hbg-koeln.de\/?page_id=5"},"modified":"2025-11-29T12:38:47","modified_gmt":"2025-11-29T10:38:47","slug":"information","status":"publish","type":"page","link":"https:\/\/anmeldung-s2.hbg-koeln.de\/","title":{"rendered":"Information"},"content":{"rendered":"\n<p><\/p>\n\n\n\n<p>Liebe Sch\u00fcler:innen, liebe Eltern,<br>Sie befinden sich auf der Webseite zur Anmeldung an die gymnasiale Oberstufe der<br>Heinrich-B\u00f6ll-Gesamtschule K\u00f6ln-Chorweiler!<\/p>\n\n\n\n<p>Beachten Sie bitte die Hinweise im Abschnitt &#8222;Fragen &amp; Antworten&#8220;. <\/p>\n\n\n\n<p><strong><mark style=\"background-color:rgba(0, 0, 0, 0)\" class=\"has-inline-color\"><font color=\"#a30016\"><i>Aktuell: <\/i><\/font><\/mark><\/strong><\/p>\n\n\n\n<p><strong>Im Jahr 2026 gibt es <\/strong>die folgende erste Bewerbungsphase:<br><br><strong>erste Bewerbungsphase<\/strong><br>2. Februar 2026 bis 27. Februar 2026 <br>F\u00fcr die erste Bewerbungsphase werden die Entscheidungen bis zum 17. April getroffen.<\/p>\n\n\n\n<p><strong>zweite Bewerbungsphase<\/strong><br>27. April 2026 bis 11. September 2026<\/p>\n\n\n\n<p>Wichtiger Hinweis zur Onlineplattform!<\/p>\n\n\n\n<p class=\"has-small-font-size\">Das Bewerbungsverfahren wieder \u00fcber das bisherige Sch\u00fcler Online Portal!<\/p>\n\n\n\n<p><strong>Hinweis<\/strong>: Auch Sch\u00fcler:innen unserer Schule m\u00fcssen sich in diesem Schuljahr \u00fcber das Portal bei uns f\u00fcr die Oberstufe bewerben. Die Bewerbung dient nur der Statistik &#8211; nat\u00fcrlich haben alle Sch\u00fcler:innen unserer Schule einen sicheren Platz in der Oberstufe, wenn sie am Ende der 10 die n\u00f6tige Qualifikation haben. Es ist f\u00fcr diese Sch\u00fcler:innen auch nicht notwendig Bewerbungsunterlagen anzufertigen und abzugeben.<br><br>Externe Bewerber:innen m\u00fcssen die Bewerbungsunterlagen innerhalb der Anmeldefrist bei uns abgeben &#8211; sonst wird die Bewerbung nicht bearbeitet und abgelehnt.<br><\/p>\n\n\n\n<p>Thomas Schulz<br>Abteilungsleiter Sekundarstufe I<br>Heinrich-B\u00f6ll-Gesamtschule<br>www.hbg-koeln.de<br>29.11.2025<\/p>\n\n\n\n<p><\/p>\n","protected":false},"excerpt":{"rendered":"<p>Liebe Sch\u00fcler:innen, liebe Eltern,Sie befinden sich auf der Webseite zur Anmeldung an die gymnasiale Oberstufe derHeinrich-B\u00f6ll-Gesamtschule K\u00f6ln-Chorweiler! Beachten Sie bitte die Hinweise im Abschnitt &#8222;Fragen &amp; Antworten&#8220;. Aktuell: Im Jahr 2026 gibt es die folgende erste Bewerbungsphase: erste Bewerbungsphase2. Februar 2026 bis 27. Februar 2026 F\u00fcr die erste Bewerbungsphase werden die Entscheidungen bis zum 17. [&hellip;]<\/p>\n","protected":false},"author":1,"featured_media":0,"parent":0,"menu_order":0,"comment_status":"closed","ping_status":"closed","template":"","meta":{"footnotes":""},"class_list":["post-5","page","type-page","status-publish","hentry"],"_links":{"self":[{"href":"https:\/\/anmeldung-s2.hbg-koeln.de\/index.php?rest_route=\/wp\/v2\/pages\/5","targetHints":{"allow":["GET"]}}],"collection":[{"href":"https:\/\/anmeldung-s2.hbg-koeln.de\/index.php?rest_route=\/wp\/v2\/pages"}],"about":[{"href":"https:\/\/anmeldung-s2.hbg-koeln.de\/index.php?rest_route=\/wp\/v2\/types\/page"}],"author":[{"embeddable":true,"href":"https:\/\/anmeldung-s2.hbg-koeln.de\/index.php?rest_route=\/wp\/v2\/users\/1"}],"replies":[{"embeddable":true,"href":"https:\/\/anmeldung-s2.hbg-koeln.de\/index.php?rest_route=%2Fwp%2Fv2%2Fcomments&post=5"}],"version-history":[{"count":105,"href":"https:\/\/anmeldung-s2.hbg-koeln.de\/index.php?rest_route=\/wp\/v2\/pages\/5\/revisions"}],"predecessor-version":[{"id":378,"href":"https:\/\/anmeldung-s2.hbg-koeln.de\/index.php?rest_route=\/wp\/v2\/pages\/5\/revisions\/378"}],"wp:attachment":[{"href":"https:\/\/anmeldung-s2.hbg-koeln.de\/index.php?rest_route=%2Fwp%2Fv2%2Fmedia&parent=5"}],"curies":[{"name":"wp","href":"https:\/\/api.w.org\/{rel}","templated":true}]}}