{"id":52,"date":"2014-11-30T20:07:35","date_gmt":"2014-11-30T18:07:35","guid":{"rendered":"http:\/\/anmeldung-s2.hbg-koeln.de\/?page_id=52"},"modified":"2014-11-30T20:08:42","modified_gmt":"2014-11-30T18:08:42","slug":"unterricht","status":"publish","type":"page","link":"https:\/\/anmeldung-s2.hbg-koeln.de\/?page_id=52","title":{"rendered":"Unterricht"},"content":{"rendered":"<p>Grundlagen des Unterrichts sind die Richtlinien und Lehrpl\u00e4ne f\u00fcr die gymnasiale Oberstufe.<\/p>\n<p>Im Unterricht unserer Oberstufe wird auf der einen Seite den Sch\u00fclerinnen und Sch\u00fclern ein hohes Ma\u00df an Hilfestellungen zum Erreichen des Lernzieles angeboten, auf der anderen Seite wird aber auch der Wille zum erfolgreichen Lernen, d.h. ein hohes Ma\u00df an Eigeninitiative bei den Sch\u00fclern vorausgesetzt.\u00a0 Wir arbeiten mit modernen Formen des eigenverantwortlichen Lernens und legen dem Unterricht aktuelle Themen zugrunde.<\/p>\n<p><strong>Abschl\u00fcsse:<\/strong><\/p>\n<p>Der Unterricht in der gymnasialen Oberstufe einer Gesamtschule entspricht in Organisationsform, in Inhalt und Anforderungen den Oberstufen an Gymnasien.<br \/>\n<strong>Wir vergeben:<\/strong><\/p>\n<ul>\n<li>Fachhochschulreife (schulischer Teil) nach der Qualifikationsphase 1 \/ Q1 (Jahrgangsstufe 12)<\/li>\n<li>Abitur, die Allgemeine Hochschulreife, nach der Qualifikationsphase 2 \/ Q2 (Jahrgangsstufe 13).<\/li>\n<\/ul>\n<p>Seit nunmehr 25 Jahren legen Sch\u00fclerinnen und Sch\u00fcler bei uns erfolgreich ihr Abitur ab.<\/p>\n","protected":false},"excerpt":{"rendered":"<p>Grundlagen des Unterrichts sind die Richtlinien und Lehrpl\u00e4ne f\u00fcr die gymnasiale Oberstufe. Im Unterricht unserer Oberstufe wird auf der einen Seite den Sch\u00fclerinnen und Sch\u00fclern ein hohes Ma\u00df an Hilfestellungen zum Erreichen des Lernzieles angeboten, auf der anderen Seite wird aber auch der Wille zum erfolgreichen Lernen, d.h. ein hohes Ma\u00df an Eigeninitiative bei den [&hellip;]<\/p>\n","protected":false},"author":1,"featured_media":0,"parent":0,"menu_order":0,"comment_status":"closed","ping_status":"closed","template":"","meta":{"footnotes":""},"class_list":["post-52","page","type-page","status-publish","hentry"],"_links":{"self":[{"href":"https:\/\/anmeldung-s2.hbg-koeln.de\/index.php?rest_route=\/wp\/v2\/pages\/52","targetHints":{"allow":["GET"]}}],"collection":[{"href":"https:\/\/anmeldung-s2.hbg-koeln.de\/index.php?rest_route=\/wp\/v2\/pages"}],"about":[{"href":"https:\/\/anmeldung-s2.hbg-koeln.de\/index.php?rest_route=\/wp\/v2\/types\/page"}],"author":[{"embeddable":true,"href":"https:\/\/anmeldung-s2.hbg-koeln.de\/index.php?rest_route=\/wp\/v2\/users\/1"}],"replies":[{"embeddable":true,"href":"https:\/\/anmeldung-s2.hbg-koeln.de\/index.php?rest_route=%2Fwp%2Fv2%2Fcomments&post=52"}],"version-history":[{"count":1,"href":"https:\/\/anmeldung-s2.hbg-koeln.de\/index.php?rest_route=\/wp\/v2\/pages\/52\/revisions"}],"predecessor-version":[{"id":53,"href":"https:\/\/anmeldung-s2.hbg-koeln.de\/index.php?rest_route=\/wp\/v2\/pages\/52\/revisions\/53"}],"wp:attachment":[{"href":"https:\/\/anmeldung-s2.hbg-koeln.de\/index.php?rest_route=%2Fwp%2Fv2%2Fmedia&parent=52"}],"curies":[{"name":"wp","href":"https:\/\/api.w.org\/{rel}","templated":true}]}}