{"id":55,"date":"2014-11-30T20:11:38","date_gmt":"2014-11-30T18:11:38","guid":{"rendered":"http:\/\/anmeldung-s2.hbg-koeln.de\/?page_id=55"},"modified":"2014-11-30T20:12:26","modified_gmt":"2014-11-30T18:12:26","slug":"faecher","status":"publish","type":"page","link":"https:\/\/anmeldung-s2.hbg-koeln.de\/?page_id=55","title":{"rendered":"F\u00e4cher"},"content":{"rendered":"<p>Das F\u00e4cherangebot an der Heinrich-B\u00f6ll-Gesamtschule ist aufgrund der recht hohen Sch\u00fclerzahl der Jahrg\u00e4nge reichhaltig:<\/p>\n<ul>\n<li>Deutsch<\/li>\n<li>Englisch<\/li>\n<li>Franz\u00f6sisch<\/li>\n<li>Spanisch<\/li>\n<li>Latein<\/li>\n<\/ul>\n<ul>\n<li>Geschichte<\/li>\n<li>Sozialwissenschaften<\/li>\n<li>P\u00e4dagogik<\/li>\n<li>Philosophie<\/li>\n<li>Religionslehre<\/li>\n<\/ul>\n<ul>\n<li>Mathematik<\/li>\n<li>Physik<\/li>\n<li>Chemie<\/li>\n<li>Biologie<\/li>\n<li>Informatik<\/li>\n<\/ul>\n<ul>\n<li>Kunst<\/li>\n<li>Musik<\/li>\n<li>Literatur<\/li>\n<\/ul>\n<ul>\n<li>Sport<\/li>\n<\/ul>\n<p>Dar\u00fcber hinaus werden in der Einf\u00fchrungsphase (EF) 2-st\u00fcndige Vertiefungskurse in den F\u00e4chern Deutsch, Englisch und Mathematik sowie eine Einf\u00fchrung in Textverarbeitung angeboten, um die Sch\u00fclerInnen dabei zu unterst\u00fctzen, sich erfolgreich in die Anforderungsbereiche der Oberstufe einzuarbeiten.<\/p>\n<p><b>Projektwoche:<\/b><\/p>\n<p>In der Einf\u00fchrungsphase geht es um das \u201eErstellen eines Gruppenreferates zu abiturrelevanten Inhalten mit anschlie\u00dfender Pr\u00e4sentation in der Jahrgangsstufe.<\/p>\n<p>In Q1 liegt der Schwerpunkt der Projektwoche in der Vorbereitung der Facharbeit.<\/p>\n","protected":false},"excerpt":{"rendered":"<p>Das F\u00e4cherangebot an der Heinrich-B\u00f6ll-Gesamtschule ist aufgrund der recht hohen Sch\u00fclerzahl der Jahrg\u00e4nge reichhaltig: Deutsch Englisch Franz\u00f6sisch Spanisch Latein Geschichte Sozialwissenschaften P\u00e4dagogik Philosophie Religionslehre Mathematik Physik Chemie Biologie Informatik Kunst Musik Literatur Sport Dar\u00fcber hinaus werden in der Einf\u00fchrungsphase (EF) 2-st\u00fcndige Vertiefungskurse in den F\u00e4chern Deutsch, Englisch und Mathematik sowie eine Einf\u00fchrung in Textverarbeitung angeboten, [&hellip;]<\/p>\n","protected":false},"author":1,"featured_media":0,"parent":0,"menu_order":0,"comment_status":"closed","ping_status":"closed","template":"","meta":{"footnotes":""},"class_list":["post-55","page","type-page","status-publish","hentry"],"_links":{"self":[{"href":"https:\/\/anmeldung-s2.hbg-koeln.de\/index.php?rest_route=\/wp\/v2\/pages\/55","targetHints":{"allow":["GET"]}}],"collection":[{"href":"https:\/\/anmeldung-s2.hbg-koeln.de\/index.php?rest_route=\/wp\/v2\/pages"}],"about":[{"href":"https:\/\/anmeldung-s2.hbg-koeln.de\/index.php?rest_route=\/wp\/v2\/types\/page"}],"author":[{"embeddable":true,"href":"https:\/\/anmeldung-s2.hbg-koeln.de\/index.php?rest_route=\/wp\/v2\/users\/1"}],"replies":[{"embeddable":true,"href":"https:\/\/anmeldung-s2.hbg-koeln.de\/index.php?rest_route=%2Fwp%2Fv2%2Fcomments&post=55"}],"version-history":[{"count":2,"href":"https:\/\/anmeldung-s2.hbg-koeln.de\/index.php?rest_route=\/wp\/v2\/pages\/55\/revisions"}],"predecessor-version":[{"id":58,"href":"https:\/\/anmeldung-s2.hbg-koeln.de\/index.php?rest_route=\/wp\/v2\/pages\/55\/revisions\/58"}],"wp:attachment":[{"href":"https:\/\/anmeldung-s2.hbg-koeln.de\/index.php?rest_route=%2Fwp%2Fv2%2Fmedia&parent=55"}],"curies":[{"name":"wp","href":"https:\/\/api.w.org\/{rel}","templated":true}]}}