{"id":59,"date":"2014-11-30T20:13:36","date_gmt":"2014-11-30T18:13:36","guid":{"rendered":"http:\/\/anmeldung-s2.hbg-koeln.de\/?page_id=59"},"modified":"2017-11-18T16:16:45","modified_gmt":"2017-11-18T14:16:45","slug":"beratung","status":"publish","type":"page","link":"https:\/\/anmeldung-s2.hbg-koeln.de\/?page_id=59","title":{"rendered":"Beratung"},"content":{"rendered":"<p><b>Laufbahn:<\/b><\/p>\n<p>F\u00fcr eine intensive Schullaufbahnberatung stehen jeder Jahrgangsstufe je 2 Beratungslehrerinnen und Beratungslehrer mit flexiblen Sprechzeiten zur Verf\u00fcgung, die sich individuell um die schulischen Belange jeder Sch\u00fclerin, jedes einzelnen Sch\u00fclers und des gesamten Jahrgangs k\u00fcmmern.<\/p>\n<p><b>Berufs- und Studienwahl:<\/b><\/p>\n<p>Ein besonderes Anliegen unserer Oberstufe ist es, Sch\u00fclerinnen und Sch\u00fcler in die Lage zu versetzen, nach dem Abitur eine m\u00f6glichst bewusste und fundierte Berufs- und Studienwahl zu treffen.<\/p>\n<p>Wir bieten an:<\/p>\n<ul>\n<li>Regelm\u00e4\u00dfige Termine eines Beraters der Agentur f\u00fcr Arbeit f\u00fcr die individuelle Beratung der Sch\u00fclerinnen und Sch\u00fcler in der Schule<\/li>\n<li>Trainingswoche in der Q1: \u201eWege nach dem Abitur\u201c und \u201eWie bewerbe ich mich richtig?\u201c (Berater der Agentur f\u00fcr Arbeit)<\/li>\n<li>Seit dem Schuljahr 2017\/18 sind die Talentscouts NRW bei uns an der Schule am Start und beraten Sch\u00fclerinnen und Sch\u00fcler kontinuierlich in allen Fragen zum Studium.<\/li>\n<li>Schnupperstudium an der FH K\u00f6ln oder der Universit\u00e4t K\u00f6ln<\/li>\n<li>Besuch der Abi Messe K\u00f6ln<\/li>\n<li>Studienkompass: Von der Schule vorgeschlagene Sch\u00fclerInnen werden 3 Jahre lang von Experten (Q1\/Q2 und 1. Studienjahr) im Hinblick auf die richtige Studienwahl begleitet<\/li>\n<\/ul>\n","protected":false},"excerpt":{"rendered":"<p>Laufbahn: F\u00fcr eine intensive Schullaufbahnberatung stehen jeder Jahrgangsstufe je 2 Beratungslehrerinnen und Beratungslehrer mit flexiblen Sprechzeiten zur Verf\u00fcgung, die sich individuell um die schulischen Belange jeder Sch\u00fclerin, jedes einzelnen Sch\u00fclers und des gesamten Jahrgangs k\u00fcmmern. Berufs- und Studienwahl: Ein besonderes Anliegen unserer Oberstufe ist es, Sch\u00fclerinnen und Sch\u00fcler in die Lage zu versetzen, nach dem [&hellip;]<\/p>\n","protected":false},"author":1,"featured_media":0,"parent":0,"menu_order":0,"comment_status":"closed","ping_status":"closed","template":"","meta":{"footnotes":""},"class_list":["post-59","page","type-page","status-publish","hentry"],"_links":{"self":[{"href":"https:\/\/anmeldung-s2.hbg-koeln.de\/index.php?rest_route=\/wp\/v2\/pages\/59","targetHints":{"allow":["GET"]}}],"collection":[{"href":"https:\/\/anmeldung-s2.hbg-koeln.de\/index.php?rest_route=\/wp\/v2\/pages"}],"about":[{"href":"https:\/\/anmeldung-s2.hbg-koeln.de\/index.php?rest_route=\/wp\/v2\/types\/page"}],"author":[{"embeddable":true,"href":"https:\/\/anmeldung-s2.hbg-koeln.de\/index.php?rest_route=\/wp\/v2\/users\/1"}],"replies":[{"embeddable":true,"href":"https:\/\/anmeldung-s2.hbg-koeln.de\/index.php?rest_route=%2Fwp%2Fv2%2Fcomments&post=59"}],"version-history":[{"count":3,"href":"https:\/\/anmeldung-s2.hbg-koeln.de\/index.php?rest_route=\/wp\/v2\/pages\/59\/revisions"}],"predecessor-version":[{"id":190,"href":"https:\/\/anmeldung-s2.hbg-koeln.de\/index.php?rest_route=\/wp\/v2\/pages\/59\/revisions\/190"}],"wp:attachment":[{"href":"https:\/\/anmeldung-s2.hbg-koeln.de\/index.php?rest_route=%2Fwp%2Fv2%2Fmedia&parent=59"}],"curies":[{"name":"wp","href":"https:\/\/api.w.org\/{rel}","templated":true}]}}