{"id":65,"date":"2014-11-30T20:17:51","date_gmt":"2014-11-30T18:17:51","guid":{"rendered":"http:\/\/anmeldung-s2.hbg-koeln.de\/?page_id=65"},"modified":"2014-11-30T20:18:03","modified_gmt":"2014-11-30T18:18:03","slug":"und-sonst","status":"publish","type":"page","link":"https:\/\/anmeldung-s2.hbg-koeln.de\/?page_id=65","title":{"rendered":"und sonst ?"},"content":{"rendered":"<p><b>Fahrten:<\/b><\/p>\n<p>Anfang der Q2 findet im Rahmen eines Leistungskurses eine Studienfahrt nach Prag oder einem anderen Studienort statt.<\/p>\n<p>F\u00fcr Sch\u00fclerinnen und Sch\u00fcler, die Spanisch belegt haben, gibt es die M\u00f6glichkeit, an einer Sprachreise nach Barcelona teilzunehmen.<\/p>\n<p><b>Sport:<\/b><\/p>\n<p>Nicht zuletzt verf\u00fcgt die Heinrich-B\u00f6ll-Gesamtschule \u00fcber hervorragende Sportst\u00e4tten und Sportm\u00f6glichkeiten: Zwei Dreifachturnhallen, ein Fu\u00dfballplatz, ein Allwetterplatz, ein Leichtathletikstadion mit 400-Meter Laufbahn stehen dem allgemeinen Schulsport st\u00e4ndig zur Verf\u00fcgung. Der Leistungskurs Sport hat also optimale Trainingsbedingungen.<\/p>\n<p>und und und\u00a0 \u2026<\/p>\n<ul>\n<li>AGs wie z.B. Theater, Chor, Orchester<\/li>\n<li>Unsere Mensa (bietet 2 Mahlzeiten pro Tag sowie Snacks und Getr\u00e4nke)<\/li>\n<li>Das Eltern-Cafe \u201eB\u00f6ll-Oase\u201c<\/li>\n<li>und viele andere Sachen, die hier nicht mehr hineinpassen \u2026<\/li>\n<\/ul>\n<p>Thomas Schulz<br \/>\nAbteilungsleiter Sekundarstufe II<br \/>\n<a href=\"http:\/\/www.hbg-koeln.de\"><b>www.hbg-koeln.de<\/b><\/a><\/p>\n","protected":false},"excerpt":{"rendered":"<p>Fahrten: Anfang der Q2 findet im Rahmen eines Leistungskurses eine Studienfahrt nach Prag oder einem anderen Studienort statt. F\u00fcr Sch\u00fclerinnen und Sch\u00fcler, die Spanisch belegt haben, gibt es die M\u00f6glichkeit, an einer Sprachreise nach Barcelona teilzunehmen. Sport: Nicht zuletzt verf\u00fcgt die Heinrich-B\u00f6ll-Gesamtschule \u00fcber hervorragende Sportst\u00e4tten und Sportm\u00f6glichkeiten: Zwei Dreifachturnhallen, ein Fu\u00dfballplatz, ein Allwetterplatz, ein Leichtathletikstadion [&hellip;]<\/p>\n","protected":false},"author":1,"featured_media":0,"parent":0,"menu_order":0,"comment_status":"closed","ping_status":"closed","template":"","meta":{"footnotes":""},"class_list":["post-65","page","type-page","status-publish","hentry"],"_links":{"self":[{"href":"https:\/\/anmeldung-s2.hbg-koeln.de\/index.php?rest_route=\/wp\/v2\/pages\/65","targetHints":{"allow":["GET"]}}],"collection":[{"href":"https:\/\/anmeldung-s2.hbg-koeln.de\/index.php?rest_route=\/wp\/v2\/pages"}],"about":[{"href":"https:\/\/anmeldung-s2.hbg-koeln.de\/index.php?rest_route=\/wp\/v2\/types\/page"}],"author":[{"embeddable":true,"href":"https:\/\/anmeldung-s2.hbg-koeln.de\/index.php?rest_route=\/wp\/v2\/users\/1"}],"replies":[{"embeddable":true,"href":"https:\/\/anmeldung-s2.hbg-koeln.de\/index.php?rest_route=%2Fwp%2Fv2%2Fcomments&post=65"}],"version-history":[{"count":1,"href":"https:\/\/anmeldung-s2.hbg-koeln.de\/index.php?rest_route=\/wp\/v2\/pages\/65\/revisions"}],"predecessor-version":[{"id":66,"href":"https:\/\/anmeldung-s2.hbg-koeln.de\/index.php?rest_route=\/wp\/v2\/pages\/65\/revisions\/66"}],"wp:attachment":[{"href":"https:\/\/anmeldung-s2.hbg-koeln.de\/index.php?rest_route=%2Fwp%2Fv2%2Fmedia&parent=65"}],"curies":[{"name":"wp","href":"https:\/\/api.w.org\/{rel}","templated":true}]}}