{"id":78,"date":"2014-12-26T23:52:21","date_gmt":"2014-12-26T21:52:21","guid":{"rendered":"http:\/\/anmeldung-s2.hbg-koeln.de\/?page_id=78"},"modified":"2014-12-28T22:40:02","modified_gmt":"2014-12-28T20:40:02","slug":"datenschutz","status":"publish","type":"page","link":"https:\/\/anmeldung-s2.hbg-koeln.de\/?page_id=78","title":{"rendered":"Datenschutz"},"content":{"rendered":"<p>F\u00fcr die Anmeldung ben\u00f6tigen wir hier in elektronischer Form:<\/p>\n<ul>\n<li>Name<\/li>\n<li>Vorname<\/li>\n<li>Geburtsdatum<\/li>\n<li>Anschrift<\/li>\n<\/ul>\n<p>Diese Daten ben\u00f6tigen wir, um den Abgleich mit &#8222;Sch\u00fcler Online&#8220; zu bewerkstelligen und nach den Gespr\u00e4chen Briefe mit Zu- und Absagen zu versenden.<\/p>\n<p>F\u00fcr den ganzen Prozess ben\u00f6tigen wir \/ Sie eine g\u00fcltige Mailadresse, da die Termine automatisch vom System best\u00e4tigt werden. \u00dcberpr\u00fcfen Sie daher alle Eingaben gr\u00fcndlich!<\/p>\n<p>Am Ende der Terminvergabe werden diese Daten hier auf der Webseite direkt gel\u00f6scht.<\/p>\n<p>T. Schulz<br \/>\nAbteilungsleiter Sekundarstufe II<\/p>\n","protected":false},"excerpt":{"rendered":"<p>F\u00fcr die Anmeldung ben\u00f6tigen wir hier in elektronischer Form: Name Vorname Geburtsdatum Anschrift Diese Daten ben\u00f6tigen wir, um den Abgleich mit &#8222;Sch\u00fcler Online&#8220; zu bewerkstelligen und nach den Gespr\u00e4chen Briefe mit Zu- und Absagen zu versenden. F\u00fcr den ganzen Prozess ben\u00f6tigen wir \/ Sie eine g\u00fcltige Mailadresse, da die Termine automatisch vom System best\u00e4tigt werden. [&hellip;]<\/p>\n","protected":false},"author":1,"featured_media":0,"parent":0,"menu_order":0,"comment_status":"closed","ping_status":"closed","template":"","meta":{"footnotes":""},"class_list":["post-78","page","type-page","status-publish","hentry"],"_links":{"self":[{"href":"https:\/\/anmeldung-s2.hbg-koeln.de\/index.php?rest_route=\/wp\/v2\/pages\/78","targetHints":{"allow":["GET"]}}],"collection":[{"href":"https:\/\/anmeldung-s2.hbg-koeln.de\/index.php?rest_route=\/wp\/v2\/pages"}],"about":[{"href":"https:\/\/anmeldung-s2.hbg-koeln.de\/index.php?rest_route=\/wp\/v2\/types\/page"}],"author":[{"embeddable":true,"href":"https:\/\/anmeldung-s2.hbg-koeln.de\/index.php?rest_route=\/wp\/v2\/users\/1"}],"replies":[{"embeddable":true,"href":"https:\/\/anmeldung-s2.hbg-koeln.de\/index.php?rest_route=%2Fwp%2Fv2%2Fcomments&post=78"}],"version-history":[{"count":4,"href":"https:\/\/anmeldung-s2.hbg-koeln.de\/index.php?rest_route=\/wp\/v2\/pages\/78\/revisions"}],"predecessor-version":[{"id":87,"href":"https:\/\/anmeldung-s2.hbg-koeln.de\/index.php?rest_route=\/wp\/v2\/pages\/78\/revisions\/87"}],"wp:attachment":[{"href":"https:\/\/anmeldung-s2.hbg-koeln.de\/index.php?rest_route=%2Fwp%2Fv2%2Fmedia&parent=78"}],"curies":[{"name":"wp","href":"https:\/\/api.w.org\/{rel}","templated":true}]}}